{"id":23,"date":"2016-02-12T08:12:49","date_gmt":"2016-02-12T08:12:49","guid":{"rendered":"http:\/\/demos.famethemes.com\/onepress\/?page_id=23"},"modified":"2024-04-16T15:46:35","modified_gmt":"2024-04-16T13:46:35","slug":"service-title-1","status":"publish","type":"page","link":"https:\/\/www.schmucki.at\/it-solutions\/service-title-1\/","title":{"rendered":"DAM Systeme"},"content":{"rendered":"<section id=\"netx\" class=\"section-services onepage-section\">\n<h2>NetX<\/h2>\n<p><strong>Netx &#8211; Der optimale Cumulus-Ersatz: <\/strong><br \/>\nFragen Sie uns nach speziellen Rabatten und Migrationsunterst\u00fctzung beim Wechsel von Cumulus zu NetX<\/p>\n<h3>Voll funktionsf\u00e4hige DAM-L\u00f6sung f\u00fcr Cloud oder On-Premise<\/h3>\n<p>NetX ist als zentraler \u201cDigitaler Knotenpunkt\u201c konzipiert. Sie k\u00f6nnen es als Repository f\u00fcr Ihre wertvollen digitalen Medienassets benutzen oder nahtlos in Ihre aktuellen Projekte oder Ihre ma\u00dfgeschneiderten Workflows einbinden. Die Technologie hinter NetX basiert auf Open Standards, die Anwendung bietet so gr\u00f6\u00dftm\u00f6gliche Flexibilit\u00e4t bei der Integration in eine Vielzahl von technischen Umgebungen.<\/p>\n<p><a href=\"https:\/\/www.schmucki.at\/it-solutions\/wp-content\/uploads\/2023\/07\/NetX_DAM_Simple.png\"><img loading=\"lazy\" decoding=\"async\" class=\"size-full wp-image-3869 alignnone\" src=\"https:\/\/www.schmucki.at\/it-solutions\/wp-content\/uploads\/2023\/07\/NetX_DAM_Simple.png\" alt=\"\" width=\"1000\" height=\"540\" srcset=\"https:\/\/www.schmucki.at\/it-solutions\/wp-content\/uploads\/2023\/07\/NetX_DAM_Simple.png 1000w, https:\/\/www.schmucki.at\/it-solutions\/wp-content\/uploads\/2023\/07\/NetX_DAM_Simple-300x162.png 300w, https:\/\/www.schmucki.at\/it-solutions\/wp-content\/uploads\/2023\/07\/NetX_DAM_Simple-768x415.png 768w\" sizes=\"auto, (max-width: 1000px) 100vw, 1000px\" \/><\/a><\/p>\n<p><strong>Intuitive Benutzeroberfl\u00e4che<\/strong><br \/>\nNetX L\u00f6sungen profitieren von einer Benutzerumgebung, die nur minimales Training erfordert, neue Benutzer finden sich in der Regel schnell in den Grundfunktionen und Workflow-Optionen zurecht. Die Interaktion mit dem Benutzer und einfache Handhabbarkeit stehen bei NetX kontinuierlich im Fokus. Das Kernst\u00fcck dieser Methode liegt in der st\u00e4ndigen Verbesserung der Benutzerfreundlichkeit durch die Schaffung von Anwendungsoberfl\u00e4chen, die intuitiver und konsistenter sind und deren Benutzung noch leichter erlernbar ist. Generell h\u00e4lt sich NetX dabei an den Grundsatz, \u201eeine Benutzeroberfl\u00e4che ist nicht dann perfekt, wenn man ihr nichts mehr hinzuf\u00fcgen kann, sondern dann, wenn man ihr nichts mehr wegnehmen kann\u201c.<\/p>\n<p>Sowohl das Interface f\u00fcr \u201ePower-User\u201c als auch das Selbstbedienungs-\u201eBrand Portal\u201c erscheinen in einem modernen, intuitiven Design basierend auf HTML5. Dadurch bietet NetX schnelle Performance, responsives Design und eine leicht anzupassende Benutzeroberfl\u00e4che.<\/p>\n<p><strong>Erweiterte Suchmaschine<\/strong><br \/>\nDie Netx-Architektur bietet blitzschnelle Suchen, automatische Indizierung, gespeicherte Suchvorg\u00e4nge, granulares Targeting, facettierte Suche (Suche innerhalb des Sucherergebnisses) und einen hochoptimierten Suchmaschinenkern. Mit einem hochoptimierten Index f\u00fcr eingebettete und externe Asset-Metadaten ist die Suchmaschine direkt in die Anwendung eingebettet. Administratoren haben die Kontrolle \u00fcber eine Reihe von Parametern f\u00fcr die Verwaltung der Suchfunktion, um sie so den Bed\u00fcrfnissen jedes einzelnen Unternehmens anzupassen.<\/p>\n<p><strong>Robuster Video Support<\/strong><br \/>\nMit Netx k\u00f6nnen Sie Rich-Media-Formate wie Videos direkt in der Benutzeroberfl\u00e4che ansehen und bearbeiten, in dem es Sie Keyframes und \u201eProxy\u201c-Videos f\u00fcr Vorschauen und Wiedergaben erzeugen l\u00e4\u00dft. NetX unterst\u00fctzt jetzt den Videoplayer von Open Source Media Framework, dadurch ist die Wiedergabe auf jedem videof\u00e4higen Ger\u00e4t, auch Tablets und Mobiltelefonen, m\u00f6glich.<\/p>\n<p><strong>Teilen<\/strong><br \/>\nNetX bietet viele M\u00f6glichkeiten f\u00fcr die automatisierte, regelbasierte und Ad-hoc-Verteilung von Medienassets. Der Einsatz eines DAM-Systems im Unternehmensbereich bedeutet weit mehr als die blo\u00dfe \u201eDateiablage\u201c, es bedeutet ver\u00f6ffentlichen, zusammenarbeiten, teilen, verb\u00fcnden etc. Mit einer vollst\u00e4ndigen Web-Service-API machen Sie Ihre auf der NetX-Plattform gespeicherten Assets buchst\u00e4blich \u00fcberall verf\u00fcgbar, je nach Bedarf kontrolliert durch Ihre eigenen Berechtigungen, Trigger und Parameter.<\/p>\n<p>Zudem bietet NetX ein neues Brand Portal auf Basis seiner \u201eX7\u201c Plattform. Mit dem X7-Framework hat jeder Netx-Kunde die M\u00f6glichkeit, ein eigenes Theme f\u00fcr seine Anwendung unter Verwendung von HTML, CSS und Javascript zu erstellen. Das Framework bietet eine ganze Palette von Anpassungsm\u00f6glichkeiten, von einfachen Stylemodifikationen bis hin zu einem komplett ma\u00dfgeschneiderten Interface.<\/p>\n<p><strong>Erweiterbares Framework<\/strong><br \/>\nNetx wurde von Grund auf mir einer offenen und skalierbaren Architektur entwickelt. System-Integration, Outbound Publishing, Sicherheit, Datenmanagement und Web Services sind gew\u00f6hnliche Anforderungen an jede NetX-L\u00f6sung, ob als SaaS oder als lokale Installation. Eine Service Oriented Architecture (SOA) erm\u00f6glicht die Integration mit nahezu jeder modernen Anwendung \u2013 E-Commerce, CMS, ERP, CRM, Produktionsdatenbanken, Adobe Creative Suite \u2013 was Sie auch w\u00fcnschen, NetX schafft\u2019s fast immer mit seiner vollst\u00e4ndingen Web-Service API.<\/p>\n<p><strong>Flexible Einsatzm\u00f6glichkeiten<\/strong><br \/>\nNetX ist in einer Vielzahl von Implementierungsoptionen erh\u00e4ltlich, so als lokale Anwendung oder als SaaS (Software-as-a-Service, also in der Cloud) mit Netx selbst oder einem Drittanbieter (Amazon, Rackspace) als Host. NetX kann zudem auch als Hybridl\u00f6sung aufgesetzt werden. In der Hybridl\u00f6sung werden die Assets f\u00fcr laufende Projekte lokal gespeichert und verwaltet, andere f\u00fcr die schnelle weltweite Verteilung in der Cloud.<\/p>\n<\/section>\n<p>&nbsp;<\/p>\n<p>&nbsp;<\/p>\n<p>&nbsp;<\/p>\n<p>&nbsp;<\/p>\n<section id=\"cavok\" class=\"section-services onepage-section\">\n<h2>CAVOK<\/h2>\n<h3>Digitale Inhalte zentral organisieren, bearbeiten und verteilen<\/h3>\n<p>Der digitale Wandel ist unaufhaltsam. Jetzt ist es an der Zeit, ihn mitzugestalten!<\/p>\n<p>Eine zukunftsorientierte Unternehmensstrategie ist wichtig, um weiterhin wettbewerbsf\u00e4hig zu bleiben. Dabei nimmt eine DAM-Software eine zentrale Rolle ein, die mit der Integration in Content Management Systeme (CMS), Product Information Management Systeme (PIM), E-Commerce und Publishing-Anwendungen ihr volles Potential entfalten kann.<\/p>\n<p><a href=\"https:\/\/www.schmucki.at\/it-solutions\/wp-content\/uploads\/2024\/04\/cavok_dam_stage.png\"><img loading=\"lazy\" decoding=\"async\" class=\"size-full wp-image-3869 alignnone\" src=\"https:\/\/www.schmucki.at\/it-solutions\/wp-content\/uploads\/2024\/04\/cavok_dam_stage.png\" alt=\"\" width=\"1000\" height=\"563\" \/><\/a><\/p>\n<p><strong>Gestalten Sie Ihre Arbeitsabl\u00e4ufe kontrolliert und effizient<\/strong><br \/>\nSie bestimmen wer welche Datei sehen, bearbeiten und freigeben darf.<br \/>\nSo reduzieren Sie das Risiko, dass nicht freigegebene Inhalte vorab ver\u00f6ffentlicht werden. Auch der Zugriff auf einzelne Metadatenfelder kann mit der Cavok Digital Asset Management L\u00f6sung genau geregelt werden.<\/p>\n<p><strong>Teilen Sie Links, nicht die Datei &#8211; So vermeiden Sie unn\u00f6tige Dubletten!<\/strong><br \/>\nOb intern mit Kollegen, extern an Kunden und Partnern oder automatisch an andere Systeme: Teilen Sie Inhalte aus dem Digital Asset Management System heraus sicher und unkompliziert, indem Sie individuelle Links kreieren.<\/p>\n<p><strong>Beziehen Sie auch die Kollegen ein, die keine Adobe Lizenz haben<\/strong><br \/>\nIm Cavok kann jeder Nutzer die Vorschau verschiedener Dateiformate wie z.B. INDD, AI, PSD sehen, auch ohne das passende Programm installiert zu haben. Bei Photoshop-Dateien ist sogar die Ansicht einzelner Ebenen m\u00f6glich.<\/p>\n<p><strong>Konvertieren Sie Dateien direkt in das gew\u00fcnschte Format<\/strong><br \/>\nMit unserer Software k\u00f6nnen Sie einstellen, in welches Format eine Datei beim Download automatisch konvertiert werden soll. Machen Sie so zum Beispiel aus einer hochaufl\u00f6senden .jpg Datei im CMYK Farbprofil ein .png Bild mit geringerer Aufl\u00f6sung und RGB Farbprofil.<\/p>\n<\/section>\n<p>&nbsp;<\/p>\n<p>&nbsp;<\/p>\n<p>&nbsp;<\/p>\n<p>&nbsp;<\/p>\n<section id=\"4allportal\" class=\"section-services onepage-section\">\n<h2>4ALLPORTAL<\/h2>\n<h3>Die wichtigsten Vorteile des 4ALLPORTAL Dam-Systems f\u00fcr Ihr Medienmanagement<\/h3>\n<p>Das 4ALLPORTAL setzt auf Zentralit\u00e4t im Medienmanagement, um einen einzigen Ort f\u00fcr all Ihre digitalen Assets zu schaffen. Der Ort, an dem jeder Nutzer und jede Abteilung Dateien selbstst\u00e4ndig findet. An dem Sie die volle Kontrolle \u00fcber Ihre Dateien haben und alle Ihre Drittsysteme angebunden sind. Und der Ort, an dem eine Vorschau aller m\u00f6glichen Formate zur Verf\u00fcgung steht, ohne auf einzelne Bearbeitungssysteme zur\u00fcckzugreifen.<\/p>\n<p><a href=\"https:\/\/www.schmucki.at\/it-solutions\/wp-content\/uploads\/2024\/04\/4allportal.png\"><img loading=\"lazy\" decoding=\"async\" class=\"size-full wp-image-3869 alignnone\" src=\"https:\/\/www.schmucki.at\/it-solutions\/wp-content\/uploads\/2024\/04\/4allportal.png\" alt=\"\" width=\"1000\" height=\"527\" \/><\/a><\/p>\n<p><strong>4ALLPORTAL als zentrale Anlaufstelle im Unternehmen<\/strong><br \/>\nDie 4ALLPORTAL DAM-Software ist Ihr Single Point-of-Truth. Speichern Sie alle Ihre wichtigen Assets, wie Bilder, Videos und Dokumente an einem zentralen Ort und vermeiden auf die doppelte Datenhaltung an unterschiedlichen Speicherorten. Es entsteht eine Anlaufstelle, auf die alle Abteilungen und Drittsysteme als Referenz f\u00fcr aktuelle und vollst\u00e4ndige Dateien und Inhalte im Digital Asset Management System zugreifen.<\/p>\n<p><strong>Bessere Zusammenarbeit mit Internen und Externen<\/strong><br \/>\nStellen Sie allen Beteiligten die ben\u00f6tigten Dateien und Informationen zur Verf\u00fcgung. F\u00fcr externe Gruppen wie Kunden oder Agenturen richten Sie eigene Rollen im DAM ein oder bieten eine tempor\u00e4re Live-Ansicht der Dateien sowie Downloadpakete an.<br \/>\nF\u00fcr eine bessere Zusammenarbeit besitzt unsere DAM-Software zus\u00e4tzliche Funktionen wie ein Aufgabenmanagement. Legen Sie Aufgaben und Deadlines an und weisen Sie diese inkl. aller relevanter Informationen und Dateien einer Person zu. So erh\u00e4lt jeder einen \u00dcberblick dar\u00fcber, welche Aufgaben an welche Datei verkn\u00fcpft sind.<\/p>\n<p><strong>Anbindung Ihrer Drittsysteme an die 4ALLPORTAL DAM-Software<\/strong><br \/>\nNutzen Sie das 4ALLPORTAL DAM-System als zentrale Kontroll- und Verteilungsstelle all Ihrer Bilder, Videos und Dokumente. Dazu passt es sich optimal in Ihre IT-System-Landschaft ein. Wie? Die RESTful-API erm\u00f6glicht einen nahtlosen Austausch von Daten in beliebige Drittsysteme. Au\u00dferdem bietet Ihnen das 4ALLPORTAL eine gro\u00dfe Anzahl an Integrationen, mit denen Sie Systeme, wie TYPO3 und SAP ganz einfach anbinden und das DAM-System als zentrales Dateiarchiv verwenden. F\u00fchren Sie digitale Assets oder Informationen aus Ihren Drittsystemen im DAM-System zusammen und geben Sie die angereichten Assets an ein CMS, wie WordPress, zur Ver\u00f6ffentlichung weiter.<\/p>\n<\/section>\n<p>&nbsp;<\/p>\n<p>&nbsp;<\/p>\n<p>&nbsp;<\/p>\n<p>&nbsp;<\/p>\n","protected":false},"excerpt":{"rendered":"<p>Sie suchen ein DAM System? Wir unterst\u00fctzen Sie bei der Auswahl der passenden Software.<\/p>\n","protected":false},"author":3,"featured_media":0,"parent":0,"menu_order":0,"comment_status":"closed","ping_status":"closed","template":"","meta":{"footnotes":""},"class_list":["post-23","page","type-page","status-publish","hentry"],"yoast_head":"<!-- This site is optimized with the Yoast SEO plugin v27.4 - https:\/\/yoast.com\/product\/yoast-seo-wordpress\/ -->\n<title>DAM Systeme - DAM Integrator und Consultant<\/title>\n<meta name=\"description\" content=\"DAM Systeme - DAM Integrator und Consultant -\" \/>\n<meta name=\"robots\" content=\"index, follow, max-snippet:-1, max-image-preview:large, max-video-preview:-1\" \/>\n<link rel=\"canonical\" href=\"https:\/\/www.schmucki.at\/it-solutions\/service-title-1\/\" \/>\n<meta property=\"og:locale\" content=\"de_DE\" \/>\n<meta property=\"og:type\" content=\"article\" \/>\n<meta property=\"og:title\" content=\"DAM Systeme - DAM Integrator und Consultant\" \/>\n<meta property=\"og:description\" content=\"DAM Systeme - DAM Integrator und Consultant -\" \/>\n<meta property=\"og:url\" content=\"https:\/\/www.schmucki.at\/it-solutions\/service-title-1\/\" \/>\n<meta property=\"og:site_name\" content=\"DAM Integrator und Consultant\" \/>\n<meta property=\"article:modified_time\" content=\"2024-04-16T13:46:35+00:00\" \/>\n<meta property=\"og:image\" content=\"https:\/\/www.schmucki.at\/it-solutions\/wp-content\/uploads\/2023\/07\/NetX_DAM_Simple.png\" \/>\n<meta name=\"twitter:card\" content=\"summary_large_image\" \/>\n<meta name=\"twitter:label1\" content=\"Gesch\u00e4tzte Lesezeit\" \/>\n\t<meta name=\"twitter:data1\" content=\"6\u00a0Minuten\" \/>\n<script type=\"application\/ld+json\" class=\"yoast-schema-graph\">{\"@context\":\"https:\\\/\\\/schema.org\",\"@graph\":[{\"@type\":\"WebPage\",\"@id\":\"https:\\\/\\\/www.schmucki.at\\\/it-solutions\\\/service-title-1\\\/\",\"url\":\"https:\\\/\\\/www.schmucki.at\\\/it-solutions\\\/service-title-1\\\/\",\"name\":\"DAM Systeme - DAM Integrator und Consultant\",\"isPartOf\":{\"@id\":\"https:\\\/\\\/www.schmucki.at\\\/it-solutions\\\/#website\"},\"primaryImageOfPage\":{\"@id\":\"https:\\\/\\\/www.schmucki.at\\\/it-solutions\\\/service-title-1\\\/#primaryimage\"},\"image\":{\"@id\":\"https:\\\/\\\/www.schmucki.at\\\/it-solutions\\\/service-title-1\\\/#primaryimage\"},\"thumbnailUrl\":\"https:\\\/\\\/www.schmucki.at\\\/it-solutions\\\/wp-content\\\/uploads\\\/2023\\\/07\\\/NetX_DAM_Simple.png\",\"datePublished\":\"2016-02-12T08:12:49+00:00\",\"dateModified\":\"2024-04-16T13:46:35+00:00\",\"description\":\"DAM Systeme - DAM Integrator und Consultant -\",\"breadcrumb\":{\"@id\":\"https:\\\/\\\/www.schmucki.at\\\/it-solutions\\\/service-title-1\\\/#breadcrumb\"},\"inLanguage\":\"de\",\"potentialAction\":[{\"@type\":\"ReadAction\",\"target\":[\"https:\\\/\\\/www.schmucki.at\\\/it-solutions\\\/service-title-1\\\/\"]}]},{\"@type\":\"ImageObject\",\"inLanguage\":\"de\",\"@id\":\"https:\\\/\\\/www.schmucki.at\\\/it-solutions\\\/service-title-1\\\/#primaryimage\",\"url\":\"https:\\\/\\\/www.schmucki.at\\\/it-solutions\\\/wp-content\\\/uploads\\\/2023\\\/07\\\/NetX_DAM_Simple.png\",\"contentUrl\":\"https:\\\/\\\/www.schmucki.at\\\/it-solutions\\\/wp-content\\\/uploads\\\/2023\\\/07\\\/NetX_DAM_Simple.png\"},{\"@type\":\"BreadcrumbList\",\"@id\":\"https:\\\/\\\/www.schmucki.at\\\/it-solutions\\\/service-title-1\\\/#breadcrumb\",\"itemListElement\":[{\"@type\":\"ListItem\",\"position\":1,\"name\":\"Startseite\",\"item\":\"https:\\\/\\\/www.schmucki.at\\\/it-solutions\\\/\"},{\"@type\":\"ListItem\",\"position\":2,\"name\":\"DAM Systeme\"}]},{\"@type\":\"WebSite\",\"@id\":\"https:\\\/\\\/www.schmucki.at\\\/it-solutions\\\/#website\",\"url\":\"https:\\\/\\\/www.schmucki.at\\\/it-solutions\\\/\",\"name\":\"DAM Integrator und Consultant\",\"description\":\"Support f\u00fcr NetX DAM, Cavok DAM, 4ALLPORTALS, Canto Cumulus, Kerio Connect, Maxum Rumus, Apple OS X, IT Service und Support\",\"publisher\":{\"@id\":\"https:\\\/\\\/www.schmucki.at\\\/it-solutions\\\/#organization\"},\"alternateName\":\"DAM Integrator und Consultant\",\"potentialAction\":[{\"@type\":\"SearchAction\",\"target\":{\"@type\":\"EntryPoint\",\"urlTemplate\":\"https:\\\/\\\/www.schmucki.at\\\/it-solutions\\\/?s={search_term_string}\"},\"query-input\":{\"@type\":\"PropertyValueSpecification\",\"valueRequired\":true,\"valueName\":\"search_term_string\"}}],\"inLanguage\":\"de\"},{\"@type\":\"Organization\",\"@id\":\"https:\\\/\\\/www.schmucki.at\\\/it-solutions\\\/#organization\",\"name\":\"DAM Integrator und Consultant\",\"alternateName\":\"DAM Integrator und Consultant\",\"url\":\"https:\\\/\\\/www.schmucki.at\\\/it-solutions\\\/\",\"logo\":{\"@type\":\"ImageObject\",\"inLanguage\":\"de\",\"@id\":\"https:\\\/\\\/www.schmucki.at\\\/it-solutions\\\/#\\\/schema\\\/logo\\\/image\\\/\",\"url\":\"https:\\\/\\\/www.schmucki.at\\\/it-solutions\\\/wp-content\\\/uploads\\\/2013\\\/02\\\/schmucki-home.jpg\",\"contentUrl\":\"https:\\\/\\\/www.schmucki.at\\\/it-solutions\\\/wp-content\\\/uploads\\\/2013\\\/02\\\/schmucki-home.jpg\",\"width\":199,\"height\":75,\"caption\":\"DAM Integrator und Consultant\"},\"image\":{\"@id\":\"https:\\\/\\\/www.schmucki.at\\\/it-solutions\\\/#\\\/schema\\\/logo\\\/image\\\/\"}}]}<\/script>\n<!-- \/ Yoast SEO plugin. -->","yoast_head_json":{"title":"DAM Systeme - DAM Integrator und Consultant","description":"DAM Systeme - DAM Integrator und Consultant -","robots":{"index":"index","follow":"follow","max-snippet":"max-snippet:-1","max-image-preview":"max-image-preview:large","max-video-preview":"max-video-preview:-1"},"canonical":"https:\/\/www.schmucki.at\/it-solutions\/service-title-1\/","og_locale":"de_DE","og_type":"article","og_title":"DAM Systeme - DAM Integrator und Consultant","og_description":"DAM Systeme - DAM Integrator und Consultant -","og_url":"https:\/\/www.schmucki.at\/it-solutions\/service-title-1\/","og_site_name":"DAM Integrator und Consultant","article_modified_time":"2024-04-16T13:46:35+00:00","og_image":[{"url":"https:\/\/www.schmucki.at\/it-solutions\/wp-content\/uploads\/2023\/07\/NetX_DAM_Simple.png","type":"","width":"","height":""}],"twitter_card":"summary_large_image","twitter_misc":{"Gesch\u00e4tzte Lesezeit":"6\u00a0Minuten"},"schema":{"@context":"https:\/\/schema.org","@graph":[{"@type":"WebPage","@id":"https:\/\/www.schmucki.at\/it-solutions\/service-title-1\/","url":"https:\/\/www.schmucki.at\/it-solutions\/service-title-1\/","name":"DAM Systeme - DAM Integrator und Consultant","isPartOf":{"@id":"https:\/\/www.schmucki.at\/it-solutions\/#website"},"primaryImageOfPage":{"@id":"https:\/\/www.schmucki.at\/it-solutions\/service-title-1\/#primaryimage"},"image":{"@id":"https:\/\/www.schmucki.at\/it-solutions\/service-title-1\/#primaryimage"},"thumbnailUrl":"https:\/\/www.schmucki.at\/it-solutions\/wp-content\/uploads\/2023\/07\/NetX_DAM_Simple.png","datePublished":"2016-02-12T08:12:49+00:00","dateModified":"2024-04-16T13:46:35+00:00","description":"DAM Systeme - DAM Integrator und Consultant -","breadcrumb":{"@id":"https:\/\/www.schmucki.at\/it-solutions\/service-title-1\/#breadcrumb"},"inLanguage":"de","potentialAction":[{"@type":"ReadAction","target":["https:\/\/www.schmucki.at\/it-solutions\/service-title-1\/"]}]},{"@type":"ImageObject","inLanguage":"de","@id":"https:\/\/www.schmucki.at\/it-solutions\/service-title-1\/#primaryimage","url":"https:\/\/www.schmucki.at\/it-solutions\/wp-content\/uploads\/2023\/07\/NetX_DAM_Simple.png","contentUrl":"https:\/\/www.schmucki.at\/it-solutions\/wp-content\/uploads\/2023\/07\/NetX_DAM_Simple.png"},{"@type":"BreadcrumbList","@id":"https:\/\/www.schmucki.at\/it-solutions\/service-title-1\/#breadcrumb","itemListElement":[{"@type":"ListItem","position":1,"name":"Startseite","item":"https:\/\/www.schmucki.at\/it-solutions\/"},{"@type":"ListItem","position":2,"name":"DAM Systeme"}]},{"@type":"WebSite","@id":"https:\/\/www.schmucki.at\/it-solutions\/#website","url":"https:\/\/www.schmucki.at\/it-solutions\/","name":"DAM Integrator und Consultant","description":"Support f\u00fcr NetX DAM, Cavok DAM, 4ALLPORTALS, Canto Cumulus, Kerio Connect, Maxum Rumus, Apple OS X, IT Service und Support","publisher":{"@id":"https:\/\/www.schmucki.at\/it-solutions\/#organization"},"alternateName":"DAM Integrator und Consultant","potentialAction":[{"@type":"SearchAction","target":{"@type":"EntryPoint","urlTemplate":"https:\/\/www.schmucki.at\/it-solutions\/?s={search_term_string}"},"query-input":{"@type":"PropertyValueSpecification","valueRequired":true,"valueName":"search_term_string"}}],"inLanguage":"de"},{"@type":"Organization","@id":"https:\/\/www.schmucki.at\/it-solutions\/#organization","name":"DAM Integrator und Consultant","alternateName":"DAM Integrator und Consultant","url":"https:\/\/www.schmucki.at\/it-solutions\/","logo":{"@type":"ImageObject","inLanguage":"de","@id":"https:\/\/www.schmucki.at\/it-solutions\/#\/schema\/logo\/image\/","url":"https:\/\/www.schmucki.at\/it-solutions\/wp-content\/uploads\/2013\/02\/schmucki-home.jpg","contentUrl":"https:\/\/www.schmucki.at\/it-solutions\/wp-content\/uploads\/2013\/02\/schmucki-home.jpg","width":199,"height":75,"caption":"DAM Integrator und Consultant"},"image":{"@id":"https:\/\/www.schmucki.at\/it-solutions\/#\/schema\/logo\/image\/"}}]}},"_links":{"self":[{"href":"https:\/\/www.schmucki.at\/it-solutions\/wp-json\/wp\/v2\/pages\/23","targetHints":{"allow":["GET"]}}],"collection":[{"href":"https:\/\/www.schmucki.at\/it-solutions\/wp-json\/wp\/v2\/pages"}],"about":[{"href":"https:\/\/www.schmucki.at\/it-solutions\/wp-json\/wp\/v2\/types\/page"}],"author":[{"embeddable":true,"href":"https:\/\/www.schmucki.at\/it-solutions\/wp-json\/wp\/v2\/users\/3"}],"replies":[{"embeddable":true,"href":"https:\/\/www.schmucki.at\/it-solutions\/wp-json\/wp\/v2\/comments?post=23"}],"version-history":[{"count":28,"href":"https:\/\/www.schmucki.at\/it-solutions\/wp-json\/wp\/v2\/pages\/23\/revisions"}],"predecessor-version":[{"id":4034,"href":"https:\/\/www.schmucki.at\/it-solutions\/wp-json\/wp\/v2\/pages\/23\/revisions\/4034"}],"wp:attachment":[{"href":"https:\/\/www.schmucki.at\/it-solutions\/wp-json\/wp\/v2\/media?parent=23"}],"curies":[{"name":"wp","href":"https:\/\/api.w.org\/{rel}","templated":true}]}}